{"id":44,"date":"2025-12-15T18:33:36","date_gmt":"2025-12-15T18:33:36","guid":{"rendered":"https:\/\/capsdoorcanada.com\/contact\/"},"modified":"2026-03-18T15:04:06","modified_gmt":"2026-03-18T20:04:06","slug":"contact","status":"publish","type":"page","link":"https:\/\/capsdoorcanada.com\/en\/contact\/","title":{"rendered":"Contact"},"content":{"rendered":"\n<section class=\"wp-block-group alignfull gd-section-wrapper has-global-padding is-layout-constrained wp-block-group-is-layout-constrained\">\n<div class=\"wp-block-group alignwide is-layout-flow wp-block-group-is-layout-flow\">\n<h2 class=\"wp-block-heading has-text-align-center\" id=\"h-contactez-nous-facilement\">Contactez-nous facilement<\/h2>\n\n\n\n<div style=\"height:50px\" aria-hidden=\"true\" class=\"wp-block-spacer\"><\/div>\n\n\n\n<div class=\"wp-block-essential-blocks-text  root-eb-text-ku8ja\"><div class=\"eb-parent-wrapper eb-parent-eb-text-ku8ja \"><div class=\"eb-text-wrapper eb-text-ku8ja\" data-id=\"eb-text-ku8ja\"><p class=\"eb-text\">N&#8217;h\u00e9sitez pas \u00e0 contacter notre \u00e9quipe pour toutes vos questions et vos besoins. <\/p><\/div><\/div><\/div>\n\n\n\n<div class=\"wp-block-columns is-layout-flex wp-container-core-columns-is-layout-28f84493 wp-block-columns-is-layout-flex\">\n<div class=\"wp-block-column is-vertically-aligned-center is-layout-flow wp-block-column-is-layout-flow\" style=\"flex-basis:66.66%\">\n\t\t<div class=\"coblocks-form\" id=\"0285888a0c0f639d6c4c32832d2a6ea0c78920b1\">\n\n\t\t\t\n\t\t\t<form action=\"https:\/\/capsdoorcanada.com\/en\/contact\/#0285888a0c0f639d6c4c32832d2a6ea0c78920b1\" method=\"post\">\n\t\t\t\t\n<div class=\"wp-block-coblocks-form\"><label class=\"coblocks-label\">Nom <span class=\"required\">&#042;<\/span><\/label>\n\t\t<input type=\"hidden\" name=\"field-nom[label]\" value=\"Nom\">\n\n\t\t\t\t<input type=\"hidden\" id=\"name-field-id\" name=\"name-field-id\" class=\"coblocks-name-field-id\" value=\"field-nom\" \/>\n\t\t\n\t\t<input type=\"text\" id=\"nom\" name=\"field-nom[value]\" class=\"coblocks-field coblocks-field--name\" required \/>\n\n\t\t\n\n<label class=\"coblocks-label\">Courriel <span class=\"required\">&#042;<\/span><\/label>\n\t\t<input type=\"hidden\" name=\"field-courriel[label]\" value=\"Courriel\">\n\n\t\t\n\t\t<input type=\"hidden\" id=\"email-field-id\" name=\"email-field-id\" class=\"coblocks-email-field-id\" value=\"field-courriel\" \/>\n\t\t<input type=\"email\" id=\"courriel\" aria-label=\"Courriel\" name=\"field-courriel[value]\" class=\"coblocks-field coblocks-field--email\" required \/>\n\n\t\t\n\n<label class=\"coblocks-label\">T\u00e9l\u00e9phone<\/label>\n\t\t<input type=\"hidden\" name=\"field-telephone[label]\" value=\"T\u00e9l\u00e9phone\">\n\n\t\t\n\t\t<input type=\"tel\" id=\"telephone\" name=\"field-telephone[value]\" class=\"coblocks-field coblocks-field--telephone\"  \/>\n\n\t\t\n\n<label class=\"coblocks-label\">Message <span class=\"required\">&#042;<\/span><\/label>\n\t\t<input type=\"hidden\" name=\"field-message[label]\" value=\"Message\">\n\n\t\t\n\t\t<textarea name=\"field-message[value]\" aria-label=\"Message\" id=\"message\" class=\"coblocks-field coblocks-textarea\" rows=\"20\" required><\/textarea>\n\n\t\t\n\n\n\t\t<div class=\"coblocks-form__submit wp-block-button\">\n\t\t\t<button type=\"submit\" class=\"wp-block-button__link is-style-shadow\" style=\"\">Contactez nous<\/button>\n\t\t\t<input type=\"hidden\" id=\"form-submit\" name=\"form-submit\" value=\"89924a329b\" \/><input type=\"hidden\" name=\"_wp_http_referer\" value=\"\/en\/wp-json\/wp\/v2\/pages\/44\" \/>\t\t\t<input type=\"hidden\" name=\"action\" value=\"coblocks-form-submit\">\n\n\t\t\t\t\t<\/div>\n\n\t\t<\/div>\n\t\t\t\t<input class=\"coblocks-field verify\" aria-label=\"Enter your email address to verify\" type=\"email\" name=\"coblocks-verify-email\" autocomplete=\"off\" placeholder=\"Email\" tabindex=\"-1\">\n\t\t\t\t<input type=\"hidden\" name=\"form-hash\" value=\"0285888a0c0f639d6c4c32832d2a6ea0c78920b1\">\n\n\t\t\t\t\t\t\t<\/form>\n\n\t\t<\/div>\n\n\t\t<\/div>\n\n\n\n<div class=\"wp-block-column is-vertically-aligned-top is-layout-flow wp-block-column-is-layout-flow\" style=\"flex-basis:33.33%\"><div class=\"wp-block-coblocks-icon\">\n\t\t\t\t<div class=\"wp-block-coblocks-icon__inner\" style=\"height: 60px; width: 60px;\">\n\t\t\t\t\t<svg fill=\"none\" viewBox=\"0 0 20 20\" xmlns=\"http:\/\/www.w3.org\/2000\/svg\"><path d=\"m10 0c-3.921743 0-7.11427301 3.19253001-7.11427301 7.11427301 0 4.95331259 6.18941752 11.86305029 6.45620276 12.15651399l.65807025.729213.6580703-.729213c.2667852-.2934637 6.4562027-7.2032014 6.4562027-12.15651399 0-3.921743-3.19253-7.11427301-7.114273-7.11427301zm0 17.3143619c-1.9386394-2.3210315-5.33570476-7.0520231-5.33570476-10.20008889 0-2.94353046 2.3921743-5.33570476 5.33570476-5.33570476 2.9435305 0 5.3357048 2.3921743 5.3357048 5.33570476 0 3.40595819-3.7794576 8.32369939-5.3357048 10.20008889zm-1.36060471-8.27034234-1.56514007-1.5740329-1.26278345 1.26278346 2.82792352 2.82792348 5.34459761-5.34459756-1.2538906-1.26278346z\" fill=\"currentColor\" \/><\/svg>\n\t\t\t\t<\/div>\n\t\t\t<\/div>\n\n\n<p>249 Rue Saint-Jacques Suite 302, Montreal, Quebec H2Y 1M6<\/p>\n\n\n\n<div style=\"height:1rem\" aria-hidden=\"true\" class=\"wp-block-spacer\"><\/div>\n\n\n<div class=\"wp-block-coblocks-icon\">\n\t\t\t\t<div class=\"wp-block-coblocks-icon__inner\" style=\"height: 60px; width: 60px;\">\n\t\t\t\t\t<svg fill=\"none\" viewBox=\"0 0 24 24\" xmlns=\"http:\/\/www.w3.org\/2000\/svg\"><rect height=\"14.5\" rx=\"1.25\" stroke=\"currentColor\" stroke-width=\"1.5\" width=\"8.5\" x=\"7.75\" y=\"4.75\" fill=\"none\"\/><path d=\"m11 16h2v1.5h-2z\" fill=\"currentColor\"\/><\/svg>\n\n\t\t\t\t<\/div>\n\t\t\t<\/div>\n\n\n<p>1 514-589-3650<\/p>\n\n\n\n<div style=\"height:1rem\" aria-hidden=\"true\" class=\"wp-block-spacer\"><\/div>\n\n\n<div class=\"wp-block-coblocks-icon\">\n\t\t\t\t<div class=\"wp-block-coblocks-icon__inner\" style=\"height: 60px; width: 60px;\">\n\t\t\t\t\t<svg fill=\"none\" viewBox=\"0 0 24 24\" xmlns=\"http:\/\/www.w3.org\/2000\/svg\"><path d=\"m12 4c-4.416 0-8 3.584-8 8s3.584 8 8 8h4v-1.6h-4c-3.472 0-6.4-2.928-6.4-6.4s2.928-6.4 6.4-6.4 6.4 2.928 6.4 6.4v1.144c0 .632-.568 1.256-1.2 1.256s-1.2-.624-1.2-1.256v-1.144c0-2.208-1.792-4-4-4s-4 1.792-4 4 1.792 4 4 4c1.104 0 2.112-.448 2.832-1.176.52.712 1.416 1.176 2.368 1.176 1.576 0 2.8-1.28 2.8-2.856v-1.144c0-4.416-3.584-8-8-8zm0 10.4c-1.328 0-2.4-1.072-2.4-2.4s1.072-2.4 2.4-2.4 2.4 1.072 2.4 2.4-1.072 2.4-2.4 2.4z\" fill=\"currentColor\"\/><\/svg>\n\n\t\t\t\t<\/div>\n\t\t\t<\/div>\n\n\n<p>info@capsdoorcanada.com<\/p>\n\n\n\n<div style=\"height:1rem\" aria-hidden=\"true\" class=\"wp-block-spacer\"><\/div>\n<\/div>\n<\/div>\n\n\n\n<div style=\"height:50px\" aria-hidden=\"true\" class=\"wp-block-spacer\"><\/div>\n<\/div>\n<\/section>\n\n\n\n<section class=\"wp-block-group alignfull gd-section-wrapper has-primary-background-color has-background has-global-padding is-layout-constrained wp-block-group-is-layout-constrained\">\n<section class=\"wp-block-group alignwide is-layout-flow wp-block-group-is-layout-flow\">\n<div style=\"height:2rem\" aria-hidden=\"true\" class=\"wp-block-spacer\"><\/div>\n\n\n\n<div class=\"wp-block-group has-global-padding is-layout-constrained wp-container-core-group-is-layout-9f0aa581 wp-block-group-is-layout-constrained\" style=\"padding-top:var(--wp--preset--spacing--0);padding-bottom:var(--wp--preset--spacing--50)\"><\/div>\n<\/section>\n<\/section>\n\n\n\n<section class=\"wp-block-group alignfull gd-section-wrapper has-primary-background-color has-background has-global-padding is-layout-constrained wp-block-group-is-layout-constrained\">\n<div class=\"wp-block-group alignfull has-primary-background-color has-background has-global-padding is-layout-constrained wp-container-core-group-is-layout-51341f1c wp-block-group-is-layout-constrained\" style=\"margin-top:var(--wp--preset--spacing--0);margin-bottom:var(--wp--preset--spacing--0);padding-top:var(--wp--preset--spacing--50);padding-right:var(--wp--preset--spacing--50);padding-bottom:var(--wp--preset--spacing--50);padding-left:var(--wp--preset--spacing--50)\">\n<div class=\"wp-block-group alignwide has-secondary-background-color has-background has-global-padding is-layout-constrained wp-container-core-group-is-layout-39412042 wp-block-group-is-layout-constrained\" style=\"border-radius:20px;padding-top:var(--wp--preset--spacing--40);padding-right:var(--wp--preset--spacing--50);padding-bottom:var(--wp--preset--spacing--40);padding-left:var(--wp--preset--spacing--50)\">\n<div style=\"height:var(--wp--preset--spacing--10)\" aria-hidden=\"true\" class=\"wp-block-spacer\"><\/div>\n\n\n\n<h2 class=\"wp-block-heading has-text-align-center has-secondary-text-color has-text-color\" id=\"h-demandez-votre-devis-personnalise\">Demandez votre devis personnalis\u00e9<\/h2>\n\n\n\n<p class=\"has-text-align-center has-secondary-text-color has-text-color\" style=\"padding-bottom:var(--wp--preset--spacing--20)\">Un projet de porte sur mesure ?<\/p>\n\n\n\n<div class=\"wp-block-buttons is-content-justification-center is-layout-flex wp-container-core-buttons-is-layout-a89b3969 wp-block-buttons-is-layout-flex\">\n<div class=\"wp-block-button is-style-fill\"><a class=\"wp-block-button__link wp-element-button\" href=\"https:\/\/capsdoorcanada.com\/demander-un-devis\/\">Demander un devis<\/a><\/div>\n<\/div>\n\n\n\n<div style=\"height:var(--wp--preset--spacing--10)\" aria-hidden=\"true\" class=\"wp-block-spacer\"><\/div>\n<\/div>\n<\/div>\n<\/section>\n","protected":false},"excerpt":{"rendered":"<p>Contactez-nous facilement 249 Rue Saint-Jacques Suite 302, Montreal, Quebec H2Y 1M6 1 514-589-3650 info@capsdoorcanada.com Demandez votre devis personnalis\u00e9 Un projet de porte sur mesure ?<\/p>","protected":false},"author":1,"featured_media":394,"parent":0,"menu_order":0,"comment_status":"closed","ping_status":"closed","template":"","meta":{"_coblocks_attr":"","_coblocks_dimensions":"","_coblocks_responsive_height":"","_coblocks_accordion_ie_support":"","_eb_attr":"","footnotes":""},"class_list":["post-44","page","type-page","status-publish","has-post-thumbnail","hentry"],"yoast_head":"<!-- This site is optimized with the Yoast SEO Premium plugin v27.4 (Yoast SEO v27.4) - https:\/\/yoast.com\/product\/yoast-seo-premium-wordpress\/ -->\n<title>Contactez nous pour votre projet de porte - Portes Capsdoor Canada<\/title>\n<meta name=\"description\" content=\"R\u00e9alisons ensemble votre projet de porte sur mesure. Contactez nous pour plus d&#039;informations et un devis rapide.\" \/>\n<meta name=\"robots\" content=\"index, follow, max-snippet:-1, max-image-preview:large, max-video-preview:-1\" \/>\n<link rel=\"canonical\" href=\"https:\/\/capsdoorcanada.com\/en\/contact\/\" \/>\n<meta property=\"og:locale\" content=\"en_US\" \/>\n<meta property=\"og:type\" content=\"article\" \/>\n<meta property=\"og:title\" content=\"Contact\" \/>\n<meta property=\"og:description\" content=\"R\u00e9alisons ensemble votre projet de porte sur mesure. Contactez nous pour plus d&#039;informations et un devis rapide.\" \/>\n<meta property=\"og:url\" content=\"https:\/\/capsdoorcanada.com\/en\/contact\/\" \/>\n<meta property=\"og:site_name\" content=\"Portes Capsdoor Canada\" \/>\n<meta property=\"article:modified_time\" content=\"2026-03-18T20:04:06+00:00\" \/>\n<meta property=\"og:image\" content=\"https:\/\/capsdoorcanada.com\/wp-content\/uploads\/2026\/03\/porte_capsdoor_modele88.jpg\" \/>\n\t<meta property=\"og:image:width\" content=\"1376\" \/>\n\t<meta property=\"og:image:height\" content=\"768\" \/>\n\t<meta property=\"og:image:type\" content=\"image\/jpeg\" \/>\n<meta name=\"twitter:card\" content=\"summary_large_image\" \/>\n<meta name=\"twitter:label1\" content=\"Est. reading time\" \/>\n\t<meta name=\"twitter:data1\" content=\"1 minute\" \/>\n<script type=\"application\/ld+json\" class=\"yoast-schema-graph\">{\"@context\":\"https:\\\/\\\/schema.org\",\"@graph\":[{\"@type\":\"WebPage\",\"@id\":\"https:\\\/\\\/capsdoorcanada.com\\\/contact\\\/\",\"url\":\"https:\\\/\\\/capsdoorcanada.com\\\/contact\\\/\",\"name\":\"Contactez nous pour votre projet de porte - Portes Capsdoor Canada\",\"isPartOf\":{\"@id\":\"https:\\\/\\\/capsdoorcanada.com\\\/#website\"},\"primaryImageOfPage\":{\"@id\":\"https:\\\/\\\/capsdoorcanada.com\\\/contact\\\/#primaryimage\"},\"image\":{\"@id\":\"https:\\\/\\\/capsdoorcanada.com\\\/contact\\\/#primaryimage\"},\"thumbnailUrl\":\"https:\\\/\\\/capsdoorcanada.com\\\/wp-content\\\/uploads\\\/2026\\\/03\\\/porte_capsdoor_modele88.jpg\",\"datePublished\":\"2025-12-15T18:33:36+00:00\",\"dateModified\":\"2026-03-18T20:04:06+00:00\",\"description\":\"R\u00e9alisons ensemble votre projet de porte sur mesure. Contactez nous pour plus d'informations et un devis rapide.\",\"breadcrumb\":{\"@id\":\"https:\\\/\\\/capsdoorcanada.com\\\/contact\\\/#breadcrumb\"},\"inLanguage\":\"en-CA\",\"potentialAction\":[{\"@type\":\"ReadAction\",\"target\":[\"https:\\\/\\\/capsdoorcanada.com\\\/contact\\\/\"]}]},{\"@type\":\"ImageObject\",\"inLanguage\":\"en-CA\",\"@id\":\"https:\\\/\\\/capsdoorcanada.com\\\/contact\\\/#primaryimage\",\"url\":\"https:\\\/\\\/capsdoorcanada.com\\\/wp-content\\\/uploads\\\/2026\\\/03\\\/porte_capsdoor_modele88.jpg\",\"contentUrl\":\"https:\\\/\\\/capsdoorcanada.com\\\/wp-content\\\/uploads\\\/2026\\\/03\\\/porte_capsdoor_modele88.jpg\",\"width\":1376,\"height\":768},{\"@type\":\"BreadcrumbList\",\"@id\":\"https:\\\/\\\/capsdoorcanada.com\\\/contact\\\/#breadcrumb\",\"itemListElement\":[{\"@type\":\"ListItem\",\"position\":1,\"name\":\"Home\",\"item\":\"https:\\\/\\\/capsdoorcanada.com\\\/\"},{\"@type\":\"ListItem\",\"position\":2,\"name\":\"Contact\"}]},{\"@type\":\"WebSite\",\"@id\":\"https:\\\/\\\/capsdoorcanada.com\\\/#website\",\"url\":\"https:\\\/\\\/capsdoorcanada.com\\\/\",\"name\":\"Portes Capsdoor Canada\",\"description\":\"Portes ext\u00e9rieures sur mesure r\u00e9sidentielles\",\"alternateName\":\"Capsdoor Canada\",\"potentialAction\":[{\"@type\":\"SearchAction\",\"target\":{\"@type\":\"EntryPoint\",\"urlTemplate\":\"https:\\\/\\\/capsdoorcanada.com\\\/?s={search_term_string}\"},\"query-input\":{\"@type\":\"PropertyValueSpecification\",\"valueRequired\":true,\"valueName\":\"search_term_string\"}}],\"inLanguage\":\"en-CA\"}]}<\/script>\n<!-- \/ Yoast SEO Premium plugin. -->","yoast_head_json":{"title":"Contactez nous pour votre projet de porte - Portes Capsdoor Canada","description":"R\u00e9alisons ensemble votre projet de porte sur mesure. Contactez nous pour plus d'informations et un devis rapide.","robots":{"index":"index","follow":"follow","max-snippet":"max-snippet:-1","max-image-preview":"max-image-preview:large","max-video-preview":"max-video-preview:-1"},"canonical":"https:\/\/capsdoorcanada.com\/en\/contact\/","og_locale":"en_US","og_type":"article","og_title":"Contact","og_description":"R\u00e9alisons ensemble votre projet de porte sur mesure. Contactez nous pour plus d'informations et un devis rapide.","og_url":"https:\/\/capsdoorcanada.com\/en\/contact\/","og_site_name":"Portes Capsdoor Canada","article_modified_time":"2026-03-18T20:04:06+00:00","og_image":[{"width":1376,"height":768,"url":"https:\/\/capsdoorcanada.com\/wp-content\/uploads\/2026\/03\/porte_capsdoor_modele88.jpg","type":"image\/jpeg"}],"twitter_card":"summary_large_image","twitter_misc":{"Est. reading time":"1 minute"},"schema":{"@context":"https:\/\/schema.org","@graph":[{"@type":"WebPage","@id":"https:\/\/capsdoorcanada.com\/contact\/","url":"https:\/\/capsdoorcanada.com\/contact\/","name":"Contactez nous pour votre projet de porte - Portes Capsdoor Canada","isPartOf":{"@id":"https:\/\/capsdoorcanada.com\/#website"},"primaryImageOfPage":{"@id":"https:\/\/capsdoorcanada.com\/contact\/#primaryimage"},"image":{"@id":"https:\/\/capsdoorcanada.com\/contact\/#primaryimage"},"thumbnailUrl":"https:\/\/capsdoorcanada.com\/wp-content\/uploads\/2026\/03\/porte_capsdoor_modele88.jpg","datePublished":"2025-12-15T18:33:36+00:00","dateModified":"2026-03-18T20:04:06+00:00","description":"R\u00e9alisons ensemble votre projet de porte sur mesure. Contactez nous pour plus d'informations et un devis rapide.","breadcrumb":{"@id":"https:\/\/capsdoorcanada.com\/contact\/#breadcrumb"},"inLanguage":"en-CA","potentialAction":[{"@type":"ReadAction","target":["https:\/\/capsdoorcanada.com\/contact\/"]}]},{"@type":"ImageObject","inLanguage":"en-CA","@id":"https:\/\/capsdoorcanada.com\/contact\/#primaryimage","url":"https:\/\/capsdoorcanada.com\/wp-content\/uploads\/2026\/03\/porte_capsdoor_modele88.jpg","contentUrl":"https:\/\/capsdoorcanada.com\/wp-content\/uploads\/2026\/03\/porte_capsdoor_modele88.jpg","width":1376,"height":768},{"@type":"BreadcrumbList","@id":"https:\/\/capsdoorcanada.com\/contact\/#breadcrumb","itemListElement":[{"@type":"ListItem","position":1,"name":"Home","item":"https:\/\/capsdoorcanada.com\/"},{"@type":"ListItem","position":2,"name":"Contact"}]},{"@type":"WebSite","@id":"https:\/\/capsdoorcanada.com\/#website","url":"https:\/\/capsdoorcanada.com\/","name":"Capsdoor Canada Doors","description":"Portes ext\u00e9rieures sur mesure r\u00e9sidentielles","alternateName":"Capsdoor Canada","potentialAction":[{"@type":"SearchAction","target":{"@type":"EntryPoint","urlTemplate":"https:\/\/capsdoorcanada.com\/?s={search_term_string}"},"query-input":{"@type":"PropertyValueSpecification","valueRequired":true,"valueName":"search_term_string"}}],"inLanguage":"en-CA"}]}},"_links":{"self":[{"href":"https:\/\/capsdoorcanada.com\/en\/wp-json\/wp\/v2\/pages\/44","targetHints":{"allow":["GET"]}}],"collection":[{"href":"https:\/\/capsdoorcanada.com\/en\/wp-json\/wp\/v2\/pages"}],"about":[{"href":"https:\/\/capsdoorcanada.com\/en\/wp-json\/wp\/v2\/types\/page"}],"author":[{"embeddable":true,"href":"https:\/\/capsdoorcanada.com\/en\/wp-json\/wp\/v2\/users\/1"}],"replies":[{"embeddable":true,"href":"https:\/\/capsdoorcanada.com\/en\/wp-json\/wp\/v2\/comments?post=44"}],"version-history":[{"count":10,"href":"https:\/\/capsdoorcanada.com\/en\/wp-json\/wp\/v2\/pages\/44\/revisions"}],"predecessor-version":[{"id":412,"href":"https:\/\/capsdoorcanada.com\/en\/wp-json\/wp\/v2\/pages\/44\/revisions\/412"}],"wp:featuredmedia":[{"embeddable":true,"href":"https:\/\/capsdoorcanada.com\/en\/wp-json\/wp\/v2\/media\/394"}],"wp:attachment":[{"href":"https:\/\/capsdoorcanada.com\/en\/wp-json\/wp\/v2\/media?parent=44"}],"curies":[{"name":"wp","href":"https:\/\/api.w.org\/{rel}","templated":true}]}}