{"id":43,"date":"2025-12-15T18:33:36","date_gmt":"2025-12-15T18:33:36","guid":{"rendered":"https:\/\/capsdoorcanada.com\/demander-un-devis\/"},"modified":"2026-03-18T15:08:33","modified_gmt":"2026-03-18T20:08:33","slug":"demander-un-devis","status":"publish","type":"page","link":"https:\/\/capsdoorcanada.com\/en\/demander-un-devis\/","title":{"rendered":"Request a quote"},"content":{"rendered":"\n<section class=\"wp-block-group alignfull gd-section-wrapper has-primary-background-color has-background has-global-padding is-layout-constrained wp-block-group-is-layout-constrained\">\n<div class=\"wp-block-group alignfull has-global-padding has-primary-background-color has-background is-layout-constrained wp-block-group-is-layout-constrained\" style=\"padding-top:var(--wp--preset--spacing--40);padding-bottom:var(--wp--preset--spacing--40)\">\n<div class=\"wp-block-group has-global-padding is-layout-constrained wp-block-group-is-layout-constrained\">\n<h4 class=\"wp-block-heading has-text-align-center has-primary-text-color has-text-color has-x-large-font-size\" id=\"h-devis-personnalise-gratuit\" style=\"padding-top:var(--wp--preset--spacing--20);padding-bottom:var(--wp--preset--spacing--20)\">Devis personnalis\u00e9 gratuit<\/h4>\n\n\n\n<section class=\"wp-block-group alignfull gd-section-wrapper has-global-padding is-layout-constrained wp-block-group-is-layout-constrained\">\n<div class=\"wp-block-group is-nowrap is-layout-flex wp-container-core-group-is-layout-6c531013 wp-block-group-is-layout-flex\">\n<section class=\"wp-block-group alignfull gd-section-wrapper has-global-padding is-layout-constrained wp-block-group-is-layout-constrained\"><\/section>\n\n\n\n<div class=\"wp-block-group alignwide is-layout-flow wp-block-group-is-layout-flow\">\n<h2 class=\"wp-block-heading has-text-align-center\" id=\"h-votre-demande-de-devis-en-toute-simplicite\">Votre demande de devis en toute simplicit\u00e9<\/h2>\n\n\n\n<p>Nous avons mis en place un processus clair et efficace pour vous permettre d\u2019obtenir un devis personnalis\u00e9 pour la fabrication et l\u2019installation de votre porte sur mesure. D\u00e8s la soumission du formulaire en ligne, notre \u00e9quipe \u00e9tudie attentivement votre projet en tenant compte de vos besoins sp\u00e9cifiques : choix des mat\u00e9riaux, design, s\u00e9curit\u00e9 et contraintes techniques.<\/p>\n\n\n\n<div style=\"height:3rem\" aria-hidden=\"true\" class=\"wp-block-spacer\"><\/div>\n\n\n\n<p>Apr\u00e8s r\u00e9ception de votre demande, nous vous contactons rapidement pour pr\u00e9ciser certains d\u00e9tails si n\u00e9cessaire et vous conseiller sur les meilleures options adapt\u00e9es \u00e0 votre habitation. Une fois toutes les informations r\u00e9unies, nous vous adressons une offre d\u00e9taill\u00e9e et transparente, adapt\u00e9e \u00e0 vos attentes et \u00e0 votre budget.<\/p>\n\n\n\n<div style=\"height:3rem\" aria-hidden=\"true\" class=\"wp-block-spacer\"><\/div>\n\n\n\n<p>Notre engagement : vous accompagner \u00e0 chaque \u00e9tape, de la premi\u00e8re prise de contact jusqu\u2019\u00e0 la pose finale de votre porte personnalis\u00e9e, garantissant ainsi un service sur mesure et de qualit\u00e9.<\/p>\n\n\n\n<div style=\"height:3rem\" aria-hidden=\"true\" class=\"wp-block-spacer\"><\/div>\n<\/div>\n<\/div>\n<\/section>\n\n\n\n<div class=\"wp-block-buttons is-content-justification-center is-layout-flex wp-container-core-buttons-is-layout-766bf85b wp-block-buttons-is-layout-flex\">\n<div class=\"wp-block-button is-style-fill\"><a class=\"wp-block-button__link has-accent-text-color has-accent-background-color has-text-color has-background wp-element-button\" href=\"https:\/\/capsdoorcanada.com\/nos-portes\/\">Voir nos portes<\/a><\/div>\n\n\n\n<div class=\"wp-block-button is-style-outline is-style-outline--1\"><a class=\"wp-block-button__link has-accent-color has-accent-text-background-color has-text-color has-background wp-element-button\" href=\"https:\/\/capsdoorcanada.com\/contact\/\">Contactez-nous<\/a><\/div>\n<\/div>\n<\/div>\n<\/div>\n<\/section>\n\n\n\n<section class=\"wp-block-group alignfull gd-section-wrapper has-global-padding is-layout-constrained wp-block-group-is-layout-constrained\">\n<div class=\"wp-block-group alignwide is-layout-flow wp-block-group-is-layout-flow\">\n<h2 class=\"wp-block-heading has-text-align-center\" id=\"h-demandez-votre-devis-sur-mesure\">Demandez votre devis sur mesure<\/h2>\n\n\n\n<div style=\"height:50px\" aria-hidden=\"true\" class=\"wp-block-spacer\"><\/div>\n\n\n\n<div class=\"wp-block-columns is-layout-flex wp-container-core-columns-is-layout-28f84493 wp-block-columns-is-layout-flex\">\n<div class=\"wp-block-column is-vertically-aligned-center is-layout-flow wp-block-column-is-layout-flow\" style=\"flex-basis:66.66%\">\n\t\t<div class=\"coblocks-form\" id=\"0d7b710f1961befba9c242a75c54d90f92e808f6\">\n\n\t\t\t\n\t\t\t<form action=\"https:\/\/capsdoorcanada.com\/en\/demander-un-devis\/#0d7b710f1961befba9c242a75c54d90f92e808f6\" method=\"post\">\n\t\t\t\t\n<div class=\"wp-block-coblocks-form\"><label class=\"coblocks-label\">Nom \/ Pr\u00e9nom <span class=\"required\">&#042;<\/span><\/label>\n\t\t<input type=\"hidden\" name=\"field-nom-prenom[label]\" value=\"Nom \/ Pr\u00e9nom\">\n\n\t\t\t\t<input type=\"hidden\" id=\"name-field-id\" name=\"name-field-id\" class=\"coblocks-name-field-id\" value=\"field-nom-prenom\" \/>\n\t\t\n\t\t<input type=\"text\" id=\"nom-prenom\" name=\"field-nom-prenom[value]\" class=\"coblocks-field coblocks-field--name\" required \/>\n\n\t\t\n\n<label class=\"coblocks-label\">Courriel <span class=\"required\">&#042;<\/span><\/label>\n\t\t<input type=\"hidden\" name=\"field-courriel[label]\" value=\"Courriel\">\n\n\t\t\n\t\t<input type=\"hidden\" id=\"email-field-id\" name=\"email-field-id\" class=\"coblocks-email-field-id\" value=\"field-courriel\" \/>\n\t\t<input type=\"email\" id=\"courriel\" aria-label=\"Courriel\" name=\"field-courriel[value]\" class=\"coblocks-field coblocks-field--email\" required \/>\n\n\t\t\n\n<label class=\"coblocks-label\">T\u00e9l\u00e9phone <span class=\"required\">&#042;<\/span><\/label>\n\t\t<input type=\"hidden\" name=\"field-telephone[label]\" value=\"T\u00e9l\u00e9phone\">\n\n\t\t\n\t\t<input type=\"tel\" id=\"telephone\" name=\"field-telephone[value]\" class=\"coblocks-field coblocks-field--telephone\" required \/>\n\n\t\t\n\n<label class=\"coblocks-label\">Type de porte<\/label>\n\t\t<input type=\"hidden\" name=\"field-type-de-porte-2[label]\" value=\"Type de porte\">\n\n\t\t\n\t\t<input type=\"tel\" id=\"type-de-porte\" name=\"field-type-de-porte-2[value]\" class=\"coblocks-field coblocks-field--telephone\"  \/>\n\n\t\t\n\n<label class=\"coblocks-label\">Budget <span class=\"required\">&#042;<\/span><\/label>\n\t\t<input type=\"hidden\" name=\"field-budget-3[label]\" value=\"Budget\">\n\n\t\t\n\t\t<input type=\"tel\" id=\"budget\" name=\"field-budget-3[value]\" class=\"coblocks-field coblocks-field--telephone\" required \/>\n\n\t\t\n\n<label class=\"coblocks-label\">Date d&#8217;installation envisag\u00e9e<\/label>\n\t\t<input type=\"hidden\" name=\"field-date-dinstallation-envisagee-4[label]\" value=\"Date d&#039;installation envisag\u00e9e\">\n\n\t\t\n\t\t<input type=\"tel\" id=\"date-dinstallation-envisagee\" name=\"field-date-dinstallation-envisagee-4[value]\" class=\"coblocks-field coblocks-field--telephone\"  \/>\n\n\t\t\n\n<label class=\"coblocks-label\">Message <span class=\"required\">&#042;<\/span><\/label>\n\t\t<input type=\"hidden\" name=\"field-message[label]\" value=\"Message\">\n\n\t\t\n\t\t<textarea name=\"field-message[value]\" aria-label=\"Message\" id=\"message\" class=\"coblocks-field coblocks-textarea\" rows=\"20\" required><\/textarea>\n\n\t\t\n\n\n\t\t<div class=\"coblocks-form__submit wp-block-button\">\n\t\t\t<button type=\"submit\" class=\"wp-block-button__link is-style-shadow\" style=\"\">Contactez-nous<\/button>\n\t\t\t<input type=\"hidden\" id=\"form-submit\" name=\"form-submit\" value=\"89924a329b\" \/><input type=\"hidden\" name=\"_wp_http_referer\" value=\"\/en\/wp-json\/wp\/v2\/pages\/43\" \/>\t\t\t<input type=\"hidden\" name=\"action\" value=\"coblocks-form-submit\">\n\n\t\t\t\t\t<\/div>\n\n\t\t<\/div>\n\t\t\t\t<input class=\"coblocks-field verify\" aria-label=\"Enter your email address to verify\" type=\"email\" name=\"coblocks-verify-email\" autocomplete=\"off\" placeholder=\"Email\" tabindex=\"-1\">\n\t\t\t\t<input type=\"hidden\" name=\"form-hash\" value=\"0d7b710f1961befba9c242a75c54d90f92e808f6\">\n\n\t\t\t\t\t\t\t<\/form>\n\n\t\t<\/div>\n\n\t\t<\/div>\n\n\n\n<div class=\"wp-block-column is-vertically-aligned-top is-layout-flow wp-block-column-is-layout-flow\" style=\"flex-basis:33.33%\"><div class=\"wp-block-coblocks-icon\">\n\t\t\t\t<div class=\"wp-block-coblocks-icon__inner\" style=\"height: 60px; width: 60px;\">\n\t\t\t\t\t<svg fill=\"none\" viewBox=\"0 0 20 20\" xmlns=\"http:\/\/www.w3.org\/2000\/svg\"><path d=\"m10 0c-3.921743 0-7.11427301 3.19253001-7.11427301 7.11427301 0 4.95331259 6.18941752 11.86305029 6.45620276 12.15651399l.65807025.729213.6580703-.729213c.2667852-.2934637 6.4562027-7.2032014 6.4562027-12.15651399 0-3.921743-3.19253-7.11427301-7.114273-7.11427301zm0 17.3143619c-1.9386394-2.3210315-5.33570476-7.0520231-5.33570476-10.20008889 0-2.94353046 2.3921743-5.33570476 5.33570476-5.33570476 2.9435305 0 5.3357048 2.3921743 5.3357048 5.33570476 0 3.40595819-3.7794576 8.32369939-5.3357048 10.20008889zm-1.36060471-8.27034234-1.56514007-1.5740329-1.26278345 1.26278346 2.82792352 2.82792348 5.34459761-5.34459756-1.2538906-1.26278346z\" fill=\"currentColor\" \/><\/svg>\n\t\t\t\t<\/div>\n\t\t\t<\/div>\n\n\n<p>249 Rue Saint-Jacques Suite 302, Montreal, Quebec H2Y 1M6<\/p>\n\n\n\n<div style=\"height:1rem\" aria-hidden=\"true\" class=\"wp-block-spacer\"><\/div>\n\n\n<div class=\"wp-block-coblocks-icon\">\n\t\t\t\t<div class=\"wp-block-coblocks-icon__inner\" style=\"height: 60px; width: 60px;\">\n\t\t\t\t\t<svg fill=\"none\" viewBox=\"0 0 24 24\" xmlns=\"http:\/\/www.w3.org\/2000\/svg\"><rect height=\"14.5\" rx=\"1.25\" stroke=\"currentColor\" stroke-width=\"1.5\" width=\"8.5\" x=\"7.75\" y=\"4.75\" fill=\"none\"\/><path d=\"m11 16h2v1.5h-2z\" fill=\"currentColor\"\/><\/svg>\n\n\t\t\t\t<\/div>\n\t\t\t<\/div>\n\n\n<p>1 514-589-3650<\/p>\n\n\n\n<div style=\"height:1rem\" aria-hidden=\"true\" class=\"wp-block-spacer\"><\/div>\n\n\n<div class=\"wp-block-coblocks-icon\">\n\t\t\t\t<div class=\"wp-block-coblocks-icon__inner\" style=\"height: 60px; width: 60px;\">\n\t\t\t\t\t<svg fill=\"none\" viewBox=\"0 0 24 24\" xmlns=\"http:\/\/www.w3.org\/2000\/svg\"><path d=\"m12 4c-4.416 0-8 3.584-8 8s3.584 8 8 8h4v-1.6h-4c-3.472 0-6.4-2.928-6.4-6.4s2.928-6.4 6.4-6.4 6.4 2.928 6.4 6.4v1.144c0 .632-.568 1.256-1.2 1.256s-1.2-.624-1.2-1.256v-1.144c0-2.208-1.792-4-4-4s-4 1.792-4 4 1.792 4 4 4c1.104 0 2.112-.448 2.832-1.176.52.712 1.416 1.176 2.368 1.176 1.576 0 2.8-1.28 2.8-2.856v-1.144c0-4.416-3.584-8-8-8zm0 10.4c-1.328 0-2.4-1.072-2.4-2.4s1.072-2.4 2.4-2.4 2.4 1.072 2.4 2.4-1.072 2.4-2.4 2.4z\" fill=\"currentColor\"\/><\/svg>\n\n\t\t\t\t<\/div>\n\t\t\t<\/div>\n\n\n<p>info@capsdoorcanada.com<\/p>\n\n\n\n<div style=\"height:1rem\" aria-hidden=\"true\" class=\"wp-block-spacer\"><\/div>\n<\/div>\n<\/div>\n<\/div>\n<\/section>\n","protected":false},"excerpt":{"rendered":"<p>Devis personnalis\u00e9 gratuit Votre demande de devis en toute simplicit\u00e9 Nous avons mis en place un processus clair et efficace pour vous permettre d\u2019obtenir un devis personnalis\u00e9 pour la fabrication et l\u2019installation de votre porte sur mesure. D\u00e8s la soumission du formulaire en ligne, notre \u00e9quipe \u00e9tudie attentivement votre projet en tenant compte de vos [&hellip;]<\/p>\n","protected":false},"author":1,"featured_media":394,"parent":0,"menu_order":0,"comment_status":"closed","ping_status":"closed","template":"","meta":{"_coblocks_attr":"","_coblocks_dimensions":"","_coblocks_responsive_height":"","_coblocks_accordion_ie_support":"","_eb_attr":"","footnotes":""},"class_list":["post-43","page","type-page","status-publish","has-post-thumbnail","hentry"],"yoast_head":"<!-- This site is optimized with the Yoast SEO Premium plugin v27.4 (Yoast SEO v27.4) - https:\/\/yoast.com\/product\/yoast-seo-premium-wordpress\/ -->\n<title>Portes ext\u00e9rieures sur mesure pour chaque habitation - Portes Capsdoor Canada<\/title>\n<meta name=\"description\" content=\"Obtenez un devis personnalis\u00e9 pour vos Portes ext\u00e9rieures sur mesure et b\u00e9n\u00e9ficiez d&#039;un service adapt\u00e9 \u00e0 vos besoins.\" \/>\n<meta name=\"robots\" content=\"index, follow, max-snippet:-1, max-image-preview:large, max-video-preview:-1\" \/>\n<link rel=\"canonical\" href=\"https:\/\/capsdoorcanada.com\/en\/demander-un-devis\/\" \/>\n<meta property=\"og:locale\" content=\"en_US\" \/>\n<meta property=\"og:type\" content=\"article\" \/>\n<meta property=\"og:title\" content=\"Demander un devis\" \/>\n<meta property=\"og:description\" content=\"Obtenez un devis personnalis\u00e9 pour vos Portes ext\u00e9rieures sur mesure et b\u00e9n\u00e9ficiez d&#039;un service adapt\u00e9 \u00e0 vos besoins.\" \/>\n<meta property=\"og:url\" content=\"https:\/\/capsdoorcanada.com\/en\/demander-un-devis\/\" \/>\n<meta property=\"og:site_name\" content=\"Portes Capsdoor Canada\" \/>\n<meta property=\"article:modified_time\" content=\"2026-03-18T20:08:33+00:00\" \/>\n<meta property=\"og:image\" content=\"https:\/\/capsdoorcanada.com\/wp-content\/uploads\/2026\/03\/porte_capsdoor_modele88.jpg\" \/>\n\t<meta property=\"og:image:width\" content=\"1376\" \/>\n\t<meta property=\"og:image:height\" content=\"768\" \/>\n\t<meta property=\"og:image:type\" content=\"image\/jpeg\" \/>\n<meta name=\"twitter:card\" content=\"summary_large_image\" \/>\n<meta name=\"twitter:label1\" content=\"Est. reading time\" \/>\n\t<meta name=\"twitter:data1\" content=\"2 minutes\" \/>\n<script type=\"application\/ld+json\" class=\"yoast-schema-graph\">{\"@context\":\"https:\\\/\\\/schema.org\",\"@graph\":[{\"@type\":\"WebPage\",\"@id\":\"https:\\\/\\\/capsdoorcanada.com\\\/demander-un-devis\\\/\",\"url\":\"https:\\\/\\\/capsdoorcanada.com\\\/demander-un-devis\\\/\",\"name\":\"Portes ext\u00e9rieures sur mesure pour chaque habitation - Portes Capsdoor Canada\",\"isPartOf\":{\"@id\":\"https:\\\/\\\/capsdoorcanada.com\\\/#website\"},\"primaryImageOfPage\":{\"@id\":\"https:\\\/\\\/capsdoorcanada.com\\\/demander-un-devis\\\/#primaryimage\"},\"image\":{\"@id\":\"https:\\\/\\\/capsdoorcanada.com\\\/demander-un-devis\\\/#primaryimage\"},\"thumbnailUrl\":\"https:\\\/\\\/capsdoorcanada.com\\\/wp-content\\\/uploads\\\/2026\\\/03\\\/porte_capsdoor_modele88.jpg\",\"datePublished\":\"2025-12-15T18:33:36+00:00\",\"dateModified\":\"2026-03-18T20:08:33+00:00\",\"description\":\"Obtenez un devis personnalis\u00e9 pour vos Portes ext\u00e9rieures sur mesure et b\u00e9n\u00e9ficiez d'un service adapt\u00e9 \u00e0 vos besoins.\",\"breadcrumb\":{\"@id\":\"https:\\\/\\\/capsdoorcanada.com\\\/demander-un-devis\\\/#breadcrumb\"},\"inLanguage\":\"en-CA\",\"potentialAction\":[{\"@type\":\"ReadAction\",\"target\":[\"https:\\\/\\\/capsdoorcanada.com\\\/demander-un-devis\\\/\"]}]},{\"@type\":\"ImageObject\",\"inLanguage\":\"en-CA\",\"@id\":\"https:\\\/\\\/capsdoorcanada.com\\\/demander-un-devis\\\/#primaryimage\",\"url\":\"https:\\\/\\\/capsdoorcanada.com\\\/wp-content\\\/uploads\\\/2026\\\/03\\\/porte_capsdoor_modele88.jpg\",\"contentUrl\":\"https:\\\/\\\/capsdoorcanada.com\\\/wp-content\\\/uploads\\\/2026\\\/03\\\/porte_capsdoor_modele88.jpg\",\"width\":1376,\"height\":768},{\"@type\":\"BreadcrumbList\",\"@id\":\"https:\\\/\\\/capsdoorcanada.com\\\/demander-un-devis\\\/#breadcrumb\",\"itemListElement\":[{\"@type\":\"ListItem\",\"position\":1,\"name\":\"Home\",\"item\":\"https:\\\/\\\/capsdoorcanada.com\\\/\"},{\"@type\":\"ListItem\",\"position\":2,\"name\":\"Demander un devis\"}]},{\"@type\":\"WebSite\",\"@id\":\"https:\\\/\\\/capsdoorcanada.com\\\/#website\",\"url\":\"https:\\\/\\\/capsdoorcanada.com\\\/\",\"name\":\"Portes Capsdoor Canada\",\"description\":\"Portes ext\u00e9rieures sur mesure r\u00e9sidentielles\",\"alternateName\":\"Capsdoor Canada\",\"potentialAction\":[{\"@type\":\"SearchAction\",\"target\":{\"@type\":\"EntryPoint\",\"urlTemplate\":\"https:\\\/\\\/capsdoorcanada.com\\\/?s={search_term_string}\"},\"query-input\":{\"@type\":\"PropertyValueSpecification\",\"valueRequired\":true,\"valueName\":\"search_term_string\"}}],\"inLanguage\":\"en-CA\"}]}<\/script>\n<!-- \/ Yoast SEO Premium plugin. -->","yoast_head_json":{"title":"Portes ext\u00e9rieures sur mesure pour chaque habitation - Portes Capsdoor Canada","description":"Obtenez un devis personnalis\u00e9 pour vos Portes ext\u00e9rieures sur mesure et b\u00e9n\u00e9ficiez d'un service adapt\u00e9 \u00e0 vos besoins.","robots":{"index":"index","follow":"follow","max-snippet":"max-snippet:-1","max-image-preview":"max-image-preview:large","max-video-preview":"max-video-preview:-1"},"canonical":"https:\/\/capsdoorcanada.com\/en\/demander-un-devis\/","og_locale":"en_US","og_type":"article","og_title":"Demander un devis","og_description":"Obtenez un devis personnalis\u00e9 pour vos Portes ext\u00e9rieures sur mesure et b\u00e9n\u00e9ficiez d'un service adapt\u00e9 \u00e0 vos besoins.","og_url":"https:\/\/capsdoorcanada.com\/en\/demander-un-devis\/","og_site_name":"Portes Capsdoor Canada","article_modified_time":"2026-03-18T20:08:33+00:00","og_image":[{"width":1376,"height":768,"url":"https:\/\/capsdoorcanada.com\/wp-content\/uploads\/2026\/03\/porte_capsdoor_modele88.jpg","type":"image\/jpeg"}],"twitter_card":"summary_large_image","twitter_misc":{"Est. reading time":"2 minutes"},"schema":{"@context":"https:\/\/schema.org","@graph":[{"@type":"WebPage","@id":"https:\/\/capsdoorcanada.com\/demander-un-devis\/","url":"https:\/\/capsdoorcanada.com\/demander-un-devis\/","name":"Portes ext\u00e9rieures sur mesure pour chaque habitation - Portes Capsdoor Canada","isPartOf":{"@id":"https:\/\/capsdoorcanada.com\/#website"},"primaryImageOfPage":{"@id":"https:\/\/capsdoorcanada.com\/demander-un-devis\/#primaryimage"},"image":{"@id":"https:\/\/capsdoorcanada.com\/demander-un-devis\/#primaryimage"},"thumbnailUrl":"https:\/\/capsdoorcanada.com\/wp-content\/uploads\/2026\/03\/porte_capsdoor_modele88.jpg","datePublished":"2025-12-15T18:33:36+00:00","dateModified":"2026-03-18T20:08:33+00:00","description":"Obtenez un devis personnalis\u00e9 pour vos Portes ext\u00e9rieures sur mesure et b\u00e9n\u00e9ficiez d'un service adapt\u00e9 \u00e0 vos besoins.","breadcrumb":{"@id":"https:\/\/capsdoorcanada.com\/demander-un-devis\/#breadcrumb"},"inLanguage":"en-CA","potentialAction":[{"@type":"ReadAction","target":["https:\/\/capsdoorcanada.com\/demander-un-devis\/"]}]},{"@type":"ImageObject","inLanguage":"en-CA","@id":"https:\/\/capsdoorcanada.com\/demander-un-devis\/#primaryimage","url":"https:\/\/capsdoorcanada.com\/wp-content\/uploads\/2026\/03\/porte_capsdoor_modele88.jpg","contentUrl":"https:\/\/capsdoorcanada.com\/wp-content\/uploads\/2026\/03\/porte_capsdoor_modele88.jpg","width":1376,"height":768},{"@type":"BreadcrumbList","@id":"https:\/\/capsdoorcanada.com\/demander-un-devis\/#breadcrumb","itemListElement":[{"@type":"ListItem","position":1,"name":"Home","item":"https:\/\/capsdoorcanada.com\/"},{"@type":"ListItem","position":2,"name":"Demander un devis"}]},{"@type":"WebSite","@id":"https:\/\/capsdoorcanada.com\/#website","url":"https:\/\/capsdoorcanada.com\/","name":"Capsdoor Canada Doors","description":"Portes ext\u00e9rieures sur mesure r\u00e9sidentielles","alternateName":"Capsdoor Canada","potentialAction":[{"@type":"SearchAction","target":{"@type":"EntryPoint","urlTemplate":"https:\/\/capsdoorcanada.com\/?s={search_term_string}"},"query-input":{"@type":"PropertyValueSpecification","valueRequired":true,"valueName":"search_term_string"}}],"inLanguage":"en-CA"}]}},"_links":{"self":[{"href":"https:\/\/capsdoorcanada.com\/en\/wp-json\/wp\/v2\/pages\/43","targetHints":{"allow":["GET"]}}],"collection":[{"href":"https:\/\/capsdoorcanada.com\/en\/wp-json\/wp\/v2\/pages"}],"about":[{"href":"https:\/\/capsdoorcanada.com\/en\/wp-json\/wp\/v2\/types\/page"}],"author":[{"embeddable":true,"href":"https:\/\/capsdoorcanada.com\/en\/wp-json\/wp\/v2\/users\/1"}],"replies":[{"embeddable":true,"href":"https:\/\/capsdoorcanada.com\/en\/wp-json\/wp\/v2\/comments?post=43"}],"version-history":[{"count":13,"href":"https:\/\/capsdoorcanada.com\/en\/wp-json\/wp\/v2\/pages\/43\/revisions"}],"predecessor-version":[{"id":374,"href":"https:\/\/capsdoorcanada.com\/en\/wp-json\/wp\/v2\/pages\/43\/revisions\/374"}],"wp:featuredmedia":[{"embeddable":true,"href":"https:\/\/capsdoorcanada.com\/en\/wp-json\/wp\/v2\/media\/394"}],"wp:attachment":[{"href":"https:\/\/capsdoorcanada.com\/en\/wp-json\/wp\/v2\/media?parent=43"}],"curies":[{"name":"wp","href":"https:\/\/api.w.org\/{rel}","templated":true}]}}