{"id":40,"date":"2025-12-15T18:33:36","date_gmt":"2025-12-15T18:33:36","guid":{"rendered":"https:\/\/capsdoorcanada.com\/accueil\/"},"modified":"2026-03-18T14:23:38","modified_gmt":"2026-03-18T19:23:38","slug":"accueil","status":"publish","type":"page","link":"https:\/\/capsdoorcanada.com\/en\/","title":{"rendered":"Home"},"content":{"rendered":"<section class=\"wp-block-group alignfull gd-section-wrapper has-accent-background-color has-background has-global-padding is-layout-constrained wp-block-group-is-layout-constrained\">\n<div class=\"wp-block-group has-global-padding has-accent-background-color has-background is-content-justification-center is-nowrap is-layout-flex wp-container-core-group-is-layout-51d194ce wp-block-group-is-layout-flex\" style=\"margin-top:var(--wp--preset--spacing--0);margin-right:var(--wp--preset--spacing--40);margin-bottom:var(--wp--preset--spacing--00);margin-left:var(--wp--preset--spacing--40);padding-top:var(--wp--preset--spacing--50);padding-bottom:var(--wp--preset--spacing--50)\">\n<div class=\"wp-block-columns are-vertically-aligned-top is-layout-flex wp-container-core-columns-is-layout-b3aba2f8 wp-block-columns-is-layout-flex\">\n<div class=\"wp-block-column is-vertically-aligned-top is-layout-flow wp-block-column-is-layout-flow\">\n<p><\/p>\n\n\n\n<div class=\"wp-block-group has-global-padding is-layout-constrained wp-container-core-group-is-layout-c935caca wp-block-group-is-layout-constrained\" style=\"padding-right:var(--wp--preset--spacing--0);padding-bottom:var(--wp--preset--spacing--10);padding-left:var(--wp--preset--spacing--0)\">\n<h1 class=\"wp-block-heading has-text-align-left has-accent-text-color has-text-color has-x-large-font-size\" id=\"h-portes-residentielles-sur-mesure\">Custom-made residential entry doors<\/h1>\n\n\n\n<p class=\"has-text-align-left has-accent-text-color has-text-color mb-0 pb-0\" style=\"margin-bottom:var(--wp--preset--spacing--40)\">Enhance your entrance with custom European-style doors that exceed all North American standards, combining elegance, design, aesthetics, and craftsmanship.<\/p>\n<\/div>\n\n\n\n<p class=\"mt-0 pt-0\"><em>\"The front door is often the first impression of a house. When a door is massive, robust, and personal, it immediately enhances the affluence of the house and inspires confidence.\"<\/em>                                                                                       <\/p>\n\n\n\n<p><\/p>\n\n\n\n<p><\/p>\n\n\n\n<h1 class=\"wp-block-heading has-text-align-left has-accent-text-color has-text-color has-x-large-font-size has-custom-lineheight\" id=\"h-portes-de-batiments-patrimoniaux\" style=\"line-height:1.64;font-size:46px\">Historic building doors<\/h1>\n\n\n\n<p><\/p>\n\n\n\n<p class=\"has-text-align-left has-accent-text-color has-text-color\" style=\"margin-bottom:var(--wp--preset--spacing--40)\">Contact us to replace the door of your heritage home. Our experience allows us to meet all the requirements of Canada's heritage properties.<\/p>\n\n\n\n<p><\/p>\n\n\n\n<div class=\"wp-block-group has-global-padding is-layout-constrained wp-container-core-group-is-layout-c935caca wp-block-group-is-layout-constrained\" style=\"padding-right:var(--wp--preset--spacing--0);padding-bottom:var(--wp--preset--spacing--10);padding-left:var(--wp--preset--spacing--0)\">\n<div class=\"wp-block-buttons is-content-justification-center is-layout-flex wp-container-core-buttons-is-layout-144bc0f0 wp-block-buttons-is-layout-flex\">\n<div class=\"wp-block-button is-style-fill\"><a class=\"wp-block-button__link has-accent-color has-accent-text-background-color has-text-color has-background wp-element-button\" href=\"https:\/\/capsdoorcanada.com\/en\/nos-portes\/\">Discover our doors<\/a><\/div>\n<\/div>\n<\/div>\n<\/div>\n\n\n\n<div class=\"wp-block-column is-vertically-aligned-top is-layout-flow wp-block-column-is-layout-flow\">\n<figure class=\"wp-block-image size-full is-style-rounded coblocks-animate is-style-rounded--1\" data-coblocks-animation=\"fadeIn\"><img fetchpriority=\"high\" decoding=\"async\" width=\"1024\" height=\"1024\" src=\"https:\/\/capsdoorcanada.com\/wp-content\/uploads\/2026\/03\/porte_capsdoor_modele_62.jpg\" alt=\"Porte ext\u00e9rieure r\u00e9sidentielle sur mesure.\" class=\"wp-image-393\" style=\"box-shadow:var(--wp--preset--shadow--natural);aspect-ratio:3\/4;object-fit:cover\" srcset=\"https:\/\/capsdoorcanada.com\/wp-content\/uploads\/2026\/03\/porte_capsdoor_modele_62.jpg 1024w, https:\/\/capsdoorcanada.com\/wp-content\/uploads\/2026\/03\/porte_capsdoor_modele_62-300x300.jpg 300w, https:\/\/capsdoorcanada.com\/wp-content\/uploads\/2026\/03\/porte_capsdoor_modele_62-150x150.jpg 150w, https:\/\/capsdoorcanada.com\/wp-content\/uploads\/2026\/03\/porte_capsdoor_modele_62-768x768.jpg 768w, https:\/\/capsdoorcanada.com\/wp-content\/uploads\/2026\/03\/porte_capsdoor_modele_62-12x12.jpg 12w\" sizes=\"(max-width: 1024px) 100vw, 1024px\" \/><\/figure>\n<\/div>\n<\/div>\n<\/div>\n<\/section>\n\n\n\n<section class=\"wp-block-group alignfull gd-section-wrapper has-global-padding is-layout-constrained wp-block-group-is-layout-constrained\">\n<div class=\"wp-block-group alignwide is-layout-flow wp-block-group-is-layout-flow\" style=\"padding-top:var(--wp--preset--spacing--70);padding-bottom:var(--wp--preset--spacing--70)\">\n<h5 class=\"wp-block-heading has-text-align-center is-style-default has-accent-text-color has-text-color has-xx-large-font-size\" id=\"h-nos-atouts-distinctifs\">Our Distinctive Strengths<\/h5>\n\n\n\n<p class=\"has-text-align-left is-style-info has-accent-text-color has-primary-background-color has-text-color has-background has-link-color wp-elements-1eea8f985d2800e8fa8622c215a6d71d\" style=\"font-size:clamp(18.959px, 1.185rem + ((1vw - 3.2px) * 1.082), 30px);\">We are committed to offering you residential entry doors that combine design, elegance, and durability. Discover the advantages that have made us famous and why you can trust our expertise.<\/p>\n\n\n\n<h2 class=\"wp-block-heading has-text-align-left has-primary-text-color has-accent-background-color has-text-color has-background has-link-color has-custom-lineheight has-custom-letterspacing mb-0 pb-0 mt-0 pt-0 wp-elements-aef7a31193e650ea9b9c333ee4825c7f\" id=\"h-decouvrez-l-excellence-de-nos-portes-sur-mesure-pensees-pour-votre-securite-et-votre-confort\" style=\"font-size:49px;line-height:1.25;letter-spacing:-0.5px\">Discover the excellence of our custom-made doors, designed for your safety and comfort.<\/h2>\n\n\n\n<div class=\"wp-block-group is-layout-grid wp-container-core-group-is-layout-f82281af wp-block-group-is-layout-grid\" style=\"margin-top:var(--wp--preset--spacing--10);margin-bottom:var(--wp--preset--spacing--50)\"><\/div>\n\n\n\n<div class=\"wp-block-group is-layout-grid wp-container-core-group-is-layout-f82281af wp-block-group-is-layout-grid\" style=\"margin-top:var(--wp--preset--spacing--10);margin-bottom:var(--wp--preset--spacing--50)\">\n<div class=\"wp-block-group has-global-padding is-content-justification-center is-layout-constrained wp-container-core-group-is-layout-8493b453 wp-block-group-is-layout-constrained\" style=\"padding-top:var(--wp--preset--spacing--40);padding-right:var(--wp--preset--spacing--30);padding-bottom:var(--wp--preset--spacing--40);padding-left:var(--wp--preset--spacing--30)\">\n<h3 class=\"wp-block-heading has-text-align-left\" id=\"h-personnalisation-totale\">Total Customization<\/h3>\n\n\n\n<p class=\"has-text-align-left has-medium-font-size\" style=\"padding-bottom:var(--wp--preset--spacing--30)\">We create doors that are fully customized to your tastes, needs, and the specific features of your home.<\/p>\n\n\n\n<p class=\"has-medium-font-size\" style=\"padding-bottom:var(--wp--preset--spacing--30)\">\u2713 Wide range of finishing and colors<\/p>\n\n\n\n<p class=\"has-medium-font-size\" style=\"padding-bottom:var(--wp--preset--spacing--30)\">\u2713 Custom dimensions<\/p>\n\n\n\n<p class=\"has-medium-font-size\" style=\"padding-bottom:var(--wp--preset--spacing--30)\">\u2713 Integration of decorative glazing<\/p>\n\n\n\n<p class=\"has-medium-font-size\" style=\"padding-bottom:var(--wp--preset--spacing--30)\">\u2713 Choice of hardware<\/p>\n\n\n\n<p class=\"is-style-default has-medium-font-size\" style=\"padding-bottom:var(--wp--preset--spacing--30)\">\u2713 Choice of materials<\/p>\n<\/div>\n\n\n\n<figure class=\"wp-block-gallery has-nested-images columns-default is-cropped wp-block-gallery-3 is-layout-flex wp-block-gallery-is-layout-flex\">\n<figure class=\"wp-block-image size-large is-style-rounded is-style-rounded--2\"><img decoding=\"async\" width=\"1024\" height=\"683\" data-id=\"14\" src=\"https:\/\/capsdoorcanada.com\/wp-content\/uploads\/2025\/12\/2202790856-1024x683.jpg\" alt=\"Fabrication de porte en aluminium\" class=\"wp-image-14\" srcset=\"https:\/\/capsdoorcanada.com\/wp-content\/uploads\/2025\/12\/2202790856-1024x683.jpg 1024w, https:\/\/capsdoorcanada.com\/wp-content\/uploads\/2025\/12\/2202790856-300x200.jpg 300w, https:\/\/capsdoorcanada.com\/wp-content\/uploads\/2025\/12\/2202790856-768x512.jpg 768w, https:\/\/capsdoorcanada.com\/wp-content\/uploads\/2025\/12\/2202790856-1536x1024.jpg 1536w, https:\/\/capsdoorcanada.com\/wp-content\/uploads\/2025\/12\/2202790856-2048x1365.jpg 2048w\" sizes=\"(max-width: 1024px) 100vw, 1024px\" \/><\/figure>\n<\/figure>\n<\/div>\n\n\n\n<div class=\"wp-block-group is-layout-grid wp-container-core-group-is-layout-f82281af wp-block-group-is-layout-grid\" style=\"margin-top:var(--wp--preset--spacing--10);margin-bottom:var(--wp--preset--spacing--50)\">\n<figure class=\"wp-block-gallery has-nested-images columns-default is-cropped image-radius wp-block-gallery-5 is-layout-flex wp-block-gallery-is-layout-flex\">\n<figure class=\"wp-block-image size-large is-style-rounded is-style-rounded--4\"><img decoding=\"async\" width=\"1024\" height=\"699\" data-id=\"84\" src=\"https:\/\/capsdoorcanada.com\/wp-content\/uploads\/2025\/12\/qtq80-BYo6t2-1024x699.jpeg\" alt=\"Teinture de porte\" class=\"wp-image-84\" srcset=\"https:\/\/capsdoorcanada.com\/wp-content\/uploads\/2025\/12\/qtq80-BYo6t2-1024x699.jpeg 1024w, https:\/\/capsdoorcanada.com\/wp-content\/uploads\/2025\/12\/qtq80-BYo6t2-300x205.jpeg 300w, https:\/\/capsdoorcanada.com\/wp-content\/uploads\/2025\/12\/qtq80-BYo6t2-768x524.jpeg 768w, https:\/\/capsdoorcanada.com\/wp-content\/uploads\/2025\/12\/qtq80-BYo6t2.jpeg 1240w\" sizes=\"(max-width: 1024px) 100vw, 1024px\" \/><\/figure>\n<\/figure>\n\n\n\n<div class=\"wp-block-group mb-0 mt-0 wp-container-content-a37929a5 is-vertical is-content-justification-left is-nowrap is-layout-flex wp-container-core-group-is-layout-9400518f wp-block-group-is-layout-flex\" style=\"padding-top:var(--wp--preset--spacing--40);padding-right:var(--wp--preset--spacing--30);padding-bottom:var(--wp--preset--spacing--40);padding-left:var(--wp--preset--spacing--30)\">\n<h3 class=\"wp-block-heading has-text-align-left\" id=\"h-materiaux-haut-de-gamme\">High-end materials<\/h3>\n\n\n\n<p class=\"has-text-align-left\" style=\"padding-bottom:var(--wp--preset--spacing--30)\">We select only high-quality, durable materials to ensure the beauty and longevity of your front door. When it comes to wood, we favor hardwoods.<\/p>\n\n\n\n<p class=\"has-medium-font-size\" style=\"padding-bottom:var(--wp--preset--spacing--20)\">\u2713 Hardwood: Oak, Cherry, Walnut, Sapele, Pine <\/p>\n\n\n\n<p class=\"has-medium-font-size\" style=\"padding-bottom:var(--wp--preset--spacing--20)\">\u2713 Aluminum<\/p>\n\n\n\n<p class=\"has-medium-font-size\" style=\"padding-bottom:var(--wp--preset--spacing--20)\">\u2713 Iron<\/p>\n\n\n\n<p class=\"has-medium-font-size\" style=\"padding-bottom:var(--wp--preset--spacing--20)\">\u2713 Tempered glass<\/p>\n\n\n\n<p class=\"has-medium-font-size\" style=\"padding-bottom:var(--wp--preset--spacing--20)\">\u2713 European Standards<\/p>\n<\/div>\n<\/div>\n\n\n\n<div class=\"wp-block-group is-layout-grid wp-container-core-group-is-layout-f82281af wp-block-group-is-layout-grid\" style=\"margin-top:var(--wp--preset--spacing--10);margin-bottom:var(--wp--preset--spacing--50)\">\n<div class=\"wp-block-group is-vertical is-content-justification-left is-layout-flex wp-container-core-group-is-layout-64a21cad wp-block-group-is-layout-flex\" style=\"padding-top:var(--wp--preset--spacing--40);padding-right:var(--wp--preset--spacing--30);padding-bottom:var(--wp--preset--spacing--40);padding-left:var(--wp--preset--spacing--30)\">\n<h3 class=\"wp-block-heading has-text-align-left\" id=\"h-service-professionnel-de-proximite\">Professional local service<\/h3>\n\n\n\n<p class=\"has-text-align-left\" style=\"padding-bottom:var(--wp--preset--spacing--30)\">Benefit from personalized support at every stage, from design to installation, provided by our experienced carpenters.<\/p>\n\n\n\n<p class=\"has-medium-font-size\" style=\"padding-bottom:var(--wp--preset--spacing--20)\">\u2713 Tailored advice<\/p>\n\n\n\n<p class=\"has-medium-font-size\" style=\"padding-bottom:var(--wp--preset--spacing--20)\">\u2713 Careful installation by our teams <a href=\"https:\/\/www.rbq.gouv.qc.ca\" type=\"link\" id=\"https:\/\/www.rbq.gouv.qc.ca\">RBQ 5826-7212-01<\/a> <\/p>\n\n\n\n<p class=\"has-medium-font-size\" style=\"padding-bottom:var(--wp--preset--spacing--20)\">\u2713 Follow-up after installation<\/p>\n<\/div>\n\n\n\n<figure class=\"wp-block-gallery has-nested-images columns-default is-cropped wp-block-gallery-7 is-layout-flex wp-block-gallery-is-layout-flex\">\n<figure class=\"wp-block-image size-large is-style-rounded is-style-rounded--6\"><img loading=\"lazy\" decoding=\"async\" width=\"1024\" height=\"683\" data-id=\"85\" src=\"https:\/\/capsdoorcanada.com\/wp-content\/uploads\/2025\/12\/qtq80-dYARA6-1024x683.jpeg\" alt=\"Installation d'une porte ext\u00e9rieure.\" class=\"wp-image-85\" srcset=\"https:\/\/capsdoorcanada.com\/wp-content\/uploads\/2025\/12\/qtq80-dYARA6-1024x683.jpeg 1024w, https:\/\/capsdoorcanada.com\/wp-content\/uploads\/2025\/12\/qtq80-dYARA6-300x200.jpeg 300w, https:\/\/capsdoorcanada.com\/wp-content\/uploads\/2025\/12\/qtq80-dYARA6-768x513.jpeg 768w, https:\/\/capsdoorcanada.com\/wp-content\/uploads\/2025\/12\/qtq80-dYARA6.jpeg 1254w\" sizes=\"(max-width: 1024px) 100vw, 1024px\" \/><\/figure>\n<\/figure>\n<\/div>\n<\/div>\n<\/section>\n\n\n\n<p><\/p>","protected":false},"excerpt":{"rendered":"<p>Portes r\u00e9sidentielles sur mesure Valorisez votre domicile avec des portes d&#8217;entr\u00e9e r\u00e9sidentielles personnalis\u00e9es de type Europ\u00e9ennes, qui d\u00e9passent toutes les normes nord am\u00e9ricaines pour allier \u00e9l\u00e9gance, design, esth\u00e9tique et savoir-faire. &#8220;La porte d&#8217;entr\u00e9e est souvent la premi\u00e8re impression d&#8217;une maison. Quand une porte est massive, robuste et personnelle, elle r\u00e9hausse imm\u00e9diatement la richesse de la [&hellip;]<\/p>\n","protected":false},"author":1,"featured_media":393,"parent":0,"menu_order":0,"comment_status":"closed","ping_status":"closed","template":"","meta":{"_coblocks_attr":"","_coblocks_dimensions":"","_coblocks_responsive_height":"","_coblocks_accordion_ie_support":"","_eb_attr":"","footnotes":""},"class_list":["post-40","page","type-page","status-publish","has-post-thumbnail","hentry"],"yoast_head":"<!-- This site is optimized with the Yoast SEO Premium plugin v27.4 (Yoast SEO v27.4) - https:\/\/yoast.com\/product\/yoast-seo-premium-wordpress\/ -->\n<title>Portes d&#039;entr\u00e9e r\u00e9sidentielles qui rehaussent votre maison<\/title>\n<meta name=\"description\" content=\"Optez pour des portes d&#039;entr\u00e9e r\u00e9sidentielles qui rehaussent votre patrimoine immobilier avec un design unique et esth\u00e9tique.\" \/>\n<meta name=\"robots\" content=\"index, follow, max-snippet:-1, max-image-preview:large, max-video-preview:-1\" \/>\n<link rel=\"canonical\" href=\"https:\/\/capsdoorcanada.com\/en\/\" \/>\n<meta property=\"og:locale\" content=\"en_US\" \/>\n<meta property=\"og:type\" content=\"article\" \/>\n<meta property=\"og:title\" content=\"Portes d&#039;entr\u00e9e r\u00e9sidentielles au design unique\" \/>\n<meta property=\"og:description\" content=\"Optez pour des portes d&#039;entr\u00e9e r\u00e9sidentielles sur mesure, alliant \u00e9l\u00e9gance et qualit\u00e9, pour rehausser votre patrimoine immobilier.\" \/>\n<meta property=\"og:url\" content=\"https:\/\/capsdoorcanada.com\/en\/\" \/>\n<meta property=\"og:site_name\" content=\"Portes Capsdoor Canada\" \/>\n<meta property=\"article:modified_time\" content=\"2026-03-18T19:23:38+00:00\" \/>\n<meta property=\"og:image\" content=\"https:\/\/capsdoorcanada.com\/wp-content\/uploads\/2026\/03\/porte_capsdoor_modele_62.jpg\" \/>\n\t<meta property=\"og:image:width\" content=\"1024\" \/>\n\t<meta property=\"og:image:height\" content=\"1024\" \/>\n\t<meta property=\"og:image:type\" content=\"image\/jpeg\" \/>\n<meta name=\"twitter:card\" content=\"summary_large_image\" \/>\n<meta name=\"twitter:title\" content=\"Accueil\" \/>\n<meta name=\"twitter:label1\" content=\"Est. reading time\" \/>\n\t<meta name=\"twitter:data1\" content=\"3 minutes\" \/>\n<script type=\"application\/ld+json\" class=\"yoast-schema-graph\">{\"@context\":\"https:\\\/\\\/schema.org\",\"@graph\":[{\"@type\":\"WebPage\",\"@id\":\"https:\\\/\\\/capsdoorcanada.com\\\/\",\"url\":\"https:\\\/\\\/capsdoorcanada.com\\\/\",\"name\":\"Portes d'entr\u00e9e r\u00e9sidentielles qui rehaussent votre maison\",\"isPartOf\":{\"@id\":\"https:\\\/\\\/capsdoorcanada.com\\\/#website\"},\"primaryImageOfPage\":{\"@id\":\"https:\\\/\\\/capsdoorcanada.com\\\/#primaryimage\"},\"image\":{\"@id\":\"https:\\\/\\\/capsdoorcanada.com\\\/#primaryimage\"},\"thumbnailUrl\":\"https:\\\/\\\/capsdoorcanada.com\\\/wp-content\\\/uploads\\\/2026\\\/03\\\/porte_capsdoor_modele_62.jpg\",\"datePublished\":\"2025-12-15T18:33:36+00:00\",\"dateModified\":\"2026-03-18T19:23:38+00:00\",\"description\":\"Optez pour des portes d'entr\u00e9e r\u00e9sidentielles qui rehaussent votre patrimoine immobilier avec un design unique et esth\u00e9tique.\",\"breadcrumb\":{\"@id\":\"https:\\\/\\\/capsdoorcanada.com\\\/#breadcrumb\"},\"inLanguage\":\"en-CA\",\"potentialAction\":[{\"@type\":\"ReadAction\",\"target\":[\"https:\\\/\\\/capsdoorcanada.com\\\/\"]}]},{\"@type\":\"ImageObject\",\"inLanguage\":\"en-CA\",\"@id\":\"https:\\\/\\\/capsdoorcanada.com\\\/#primaryimage\",\"url\":\"https:\\\/\\\/capsdoorcanada.com\\\/wp-content\\\/uploads\\\/2026\\\/03\\\/porte_capsdoor_modele_62.jpg\",\"contentUrl\":\"https:\\\/\\\/capsdoorcanada.com\\\/wp-content\\\/uploads\\\/2026\\\/03\\\/porte_capsdoor_modele_62.jpg\",\"width\":1024,\"height\":1024},{\"@type\":\"BreadcrumbList\",\"@id\":\"https:\\\/\\\/capsdoorcanada.com\\\/#breadcrumb\",\"itemListElement\":[{\"@type\":\"ListItem\",\"position\":1,\"name\":\"Home\",\"item\":\"https:\\\/\\\/capsdoorcanada.com\\\/\"},{\"@type\":\"ListItem\",\"position\":2,\"name\":\"Accueil\"}]},{\"@type\":\"WebSite\",\"@id\":\"https:\\\/\\\/capsdoorcanada.com\\\/#website\",\"url\":\"https:\\\/\\\/capsdoorcanada.com\\\/\",\"name\":\"Portes Capsdoor Canada\",\"description\":\"Portes ext\u00e9rieures sur mesure r\u00e9sidentielles\",\"alternateName\":\"Capsdoor Canada\",\"potentialAction\":[{\"@type\":\"SearchAction\",\"target\":{\"@type\":\"EntryPoint\",\"urlTemplate\":\"https:\\\/\\\/capsdoorcanada.com\\\/?s={search_term_string}\"},\"query-input\":{\"@type\":\"PropertyValueSpecification\",\"valueRequired\":true,\"valueName\":\"search_term_string\"}}],\"inLanguage\":\"en-CA\"}]}<\/script>\n<!-- \/ Yoast SEO Premium plugin. -->","yoast_head_json":{"title":"Portes d'entr\u00e9e r\u00e9sidentielles qui rehaussent votre maison","description":"Optez pour des portes d'entr\u00e9e r\u00e9sidentielles qui rehaussent votre patrimoine immobilier avec un design unique et esth\u00e9tique.","robots":{"index":"index","follow":"follow","max-snippet":"max-snippet:-1","max-image-preview":"max-image-preview:large","max-video-preview":"max-video-preview:-1"},"canonical":"https:\/\/capsdoorcanada.com\/en\/","og_locale":"en_US","og_type":"article","og_title":"Portes d'entr\u00e9e r\u00e9sidentielles au design unique","og_description":"Optez pour des portes d'entr\u00e9e r\u00e9sidentielles sur mesure, alliant \u00e9l\u00e9gance et qualit\u00e9, pour rehausser votre patrimoine immobilier.","og_url":"https:\/\/capsdoorcanada.com\/en\/","og_site_name":"Portes Capsdoor Canada","article_modified_time":"2026-03-18T19:23:38+00:00","og_image":[{"width":1024,"height":1024,"url":"https:\/\/capsdoorcanada.com\/wp-content\/uploads\/2026\/03\/porte_capsdoor_modele_62.jpg","type":"image\/jpeg"}],"twitter_card":"summary_large_image","twitter_title":"Accueil","twitter_misc":{"Est. reading time":"3 minutes"},"schema":{"@context":"https:\/\/schema.org","@graph":[{"@type":"WebPage","@id":"https:\/\/capsdoorcanada.com\/","url":"https:\/\/capsdoorcanada.com\/","name":"Portes d'entr\u00e9e r\u00e9sidentielles qui rehaussent votre maison","isPartOf":{"@id":"https:\/\/capsdoorcanada.com\/#website"},"primaryImageOfPage":{"@id":"https:\/\/capsdoorcanada.com\/#primaryimage"},"image":{"@id":"https:\/\/capsdoorcanada.com\/#primaryimage"},"thumbnailUrl":"https:\/\/capsdoorcanada.com\/wp-content\/uploads\/2026\/03\/porte_capsdoor_modele_62.jpg","datePublished":"2025-12-15T18:33:36+00:00","dateModified":"2026-03-18T19:23:38+00:00","description":"Optez pour des portes d'entr\u00e9e r\u00e9sidentielles qui rehaussent votre patrimoine immobilier avec un design unique et esth\u00e9tique.","breadcrumb":{"@id":"https:\/\/capsdoorcanada.com\/#breadcrumb"},"inLanguage":"en-CA","potentialAction":[{"@type":"ReadAction","target":["https:\/\/capsdoorcanada.com\/"]}]},{"@type":"ImageObject","inLanguage":"en-CA","@id":"https:\/\/capsdoorcanada.com\/#primaryimage","url":"https:\/\/capsdoorcanada.com\/wp-content\/uploads\/2026\/03\/porte_capsdoor_modele_62.jpg","contentUrl":"https:\/\/capsdoorcanada.com\/wp-content\/uploads\/2026\/03\/porte_capsdoor_modele_62.jpg","width":1024,"height":1024},{"@type":"BreadcrumbList","@id":"https:\/\/capsdoorcanada.com\/#breadcrumb","itemListElement":[{"@type":"ListItem","position":1,"name":"Home","item":"https:\/\/capsdoorcanada.com\/"},{"@type":"ListItem","position":2,"name":"Accueil"}]},{"@type":"WebSite","@id":"https:\/\/capsdoorcanada.com\/#website","url":"https:\/\/capsdoorcanada.com\/","name":"Capsdoor Canada Doors","description":"Portes ext\u00e9rieures sur mesure r\u00e9sidentielles","alternateName":"Capsdoor Canada","potentialAction":[{"@type":"SearchAction","target":{"@type":"EntryPoint","urlTemplate":"https:\/\/capsdoorcanada.com\/?s={search_term_string}"},"query-input":{"@type":"PropertyValueSpecification","valueRequired":true,"valueName":"search_term_string"}}],"inLanguage":"en-CA"}]}},"_links":{"self":[{"href":"https:\/\/capsdoorcanada.com\/en\/wp-json\/wp\/v2\/pages\/40","targetHints":{"allow":["GET"]}}],"collection":[{"href":"https:\/\/capsdoorcanada.com\/en\/wp-json\/wp\/v2\/pages"}],"about":[{"href":"https:\/\/capsdoorcanada.com\/en\/wp-json\/wp\/v2\/types\/page"}],"author":[{"embeddable":true,"href":"https:\/\/capsdoorcanada.com\/en\/wp-json\/wp\/v2\/users\/1"}],"replies":[{"embeddable":true,"href":"https:\/\/capsdoorcanada.com\/en\/wp-json\/wp\/v2\/comments?post=40"}],"version-history":[{"count":60,"href":"https:\/\/capsdoorcanada.com\/en\/wp-json\/wp\/v2\/pages\/40\/revisions"}],"predecessor-version":[{"id":416,"href":"https:\/\/capsdoorcanada.com\/en\/wp-json\/wp\/v2\/pages\/40\/revisions\/416"}],"wp:featuredmedia":[{"embeddable":true,"href":"https:\/\/capsdoorcanada.com\/en\/wp-json\/wp\/v2\/media\/393"}],"wp:attachment":[{"href":"https:\/\/capsdoorcanada.com\/en\/wp-json\/wp\/v2\/media?parent=40"}],"curies":[{"name":"wp","href":"https:\/\/api.w.org\/{rel}","templated":true}]}}